{"id":5232,"date":"2026-04-11T16:55:27","date_gmt":"2026-04-11T16:55:27","guid":{"rendered":"https:\/\/stefanozanvit.com\/?page_id=5232"},"modified":"2026-05-05T16:50:09","modified_gmt":"2026-05-05T16:50:09","slug":"tour-de-arte-urbano-madrid","status":"publish","type":"page","link":"https:\/\/stefanozanvit.com\/en\/tour-de-arte-urbano-madrid\/","title":{"rendered":"STREET ART TOUR"},"content":{"rendered":"\t\t<div data-elementor-type=\"wp-page\" data-elementor-id=\"5232\" class=\"elementor elementor-5232\">\n\t\t\t\t<div class=\"elementor-element elementor-element-dff5d58 e-flex e-con-boxed rael-particle-no e-con e-parent\" data-id=\"dff5d58\" data-element_type=\"container\" data-e-type=\"container\" data-settings=\"{&quot;rae_animations_entrance&quot;:&quot;none&quot;,&quot;_ha_eqh_enable&quot;:false}\">\n\t\t\t\t\t<div class=\"e-con-inner\">\n\t\t\t\t<div class=\"elementor-element elementor-element-2d0802a elementor-widget elementor-widget-image\" data-id=\"2d0802a\" data-element_type=\"widget\" data-e-type=\"widget\" data-widget_type=\"image.default\">\n\t\t\t\t<div class=\"elementor-widget-container\">\n\t\t\t\t\t\t\t\t\t\t\t\t\t\t\t<img fetchpriority=\"high\" decoding=\"async\" width=\"800\" height=\"994\" src=\"https:\/\/stefanozanvit.com\/wp-content\/uploads\/2026\/02\/1000049346-copia-824x1024.webp\" class=\"attachment-large size-large wp-image-4999\" alt=\"street art tour madrid - NKS artista urbano\" srcset=\"https:\/\/stefanozanvit.com\/wp-content\/uploads\/2026\/02\/1000049346-copia-824x1024.webp 824w, https:\/\/stefanozanvit.com\/wp-content\/uploads\/2026\/02\/1000049346-copia-241x300.webp 241w, https:\/\/stefanozanvit.com\/wp-content\/uploads\/2026\/02\/1000049346-copia-768x955.webp 768w, https:\/\/stefanozanvit.com\/wp-content\/uploads\/2026\/02\/1000049346-copia-10x12.webp 10w, https:\/\/stefanozanvit.com\/wp-content\/uploads\/2026\/02\/1000049346-copia.webp 900w\" sizes=\"(max-width: 800px) 100vw, 800px\" \/>\t\t\t\t\t\t\t\t\t\t\t\t\t\t\t<\/div>\n\t\t\t\t<\/div>\n\t\t\t\t\t<\/div>\n\t\t\t\t<\/div>\n\t\t<div class=\"elementor-element elementor-element-e2cd744 e-flex e-con-boxed rael-particle-no e-con e-parent\" data-id=\"e2cd744\" data-element_type=\"container\" data-e-type=\"container\" data-settings=\"{&quot;rae_animations_entrance&quot;:&quot;none&quot;,&quot;_ha_eqh_enable&quot;:false}\">\n\t\t\t\t\t<div class=\"e-con-inner\">\n\t\t\t\t<div class=\"elementor-element elementor-element-34c838a elementor-widget elementor-widget-heading\" data-id=\"34c838a\" data-element_type=\"widget\" data-e-type=\"widget\" data-widget_type=\"heading.default\">\n\t\t\t\t<div class=\"elementor-widget-container\">\n\t\t\t\t\t<h1 class=\"elementor-heading-title elementor-size-default\">Street art tour y graffiti en Lavapi\u00e9s con el muralista NKS<\/h1>\t\t\t\t<\/div>\n\t\t\t\t<\/div>\n\t\t\t\t\t<\/div>\n\t\t\t\t<\/div>\n\t\t<div class=\"elementor-element elementor-element-b38d3bc e-flex e-con-boxed rael-particle-no e-con e-parent\" data-id=\"b38d3bc\" data-element_type=\"container\" data-e-type=\"container\" data-settings=\"{&quot;rae_animations_entrance&quot;:&quot;none&quot;,&quot;_ha_eqh_enable&quot;:false}\">\n\t\t\t\t\t<div class=\"e-con-inner\">\n\t\t\t\t<div class=\"elementor-element elementor-element-3957564  texto-bajada elementor-widget elementor-widget-text-editor\" data-id=\"3957564\" data-element_type=\"widget\" data-e-type=\"widget\" data-widget_type=\"text-editor.default\">\n\t\t\t\t<div class=\"elementor-widget-container\">\n\t\t\t\t\t\t\t\t\t<h2 style=\"text-align: center;\">Street art tour Madrid: graffiti y taller creativo en grupo reducido <br \/>(m\u00e1x. 10 personas)<\/h2>\t\t\t\t\t\t\t\t<\/div>\n\t\t\t\t<\/div>\n\t\t\t\t\t<\/div>\n\t\t\t\t<\/div>\n\t\t<div class=\"elementor-element elementor-element-2321f38 e-flex e-con-boxed rael-particle-no e-con e-parent\" data-id=\"2321f38\" data-element_type=\"container\" data-e-type=\"container\" data-settings=\"{&quot;rae_animations_entrance&quot;:&quot;none&quot;,&quot;_ha_eqh_enable&quot;:false}\">\n\t\t\t\t\t<div class=\"e-con-inner\">\n\t\t\t\t<div class=\"elementor-element elementor-element-fdcec08 ha-image-grid--masonry elementor-widget elementor-widget-ha-image-grid happy-addon ha-image-grid\" data-id=\"fdcec08\" data-element_type=\"widget\" data-e-type=\"widget\" data-settings=\"{&quot;layout&quot;:&quot;masonry&quot;,&quot;enable_popup&quot;:&quot;yes&quot;}\" data-widget_type=\"ha-image-grid.default\">\n\t\t\t\t<div class=\"elementor-widget-container\">\n\t\t\t\t\t\n\t\t<div class=\"ha-image-grid__wrap hajs-isotope ha-lightbox--has\">\n\t\t\t\t\t\t\t\n\t\t\t\t<a href=\"#\" data-mfp-src=\"https:\/\/stefanozanvit.com\/wp-content\/uploads\/2026\/04\/totebag1-717x1024.webp\" class=\"ha-image-grid__item ha-js-lightbox __fltr-1\">\n\t\t\t\t\t<img decoding=\"async\" width=\"768\" height=\"1097\" src=\"https:\/\/stefanozanvit.com\/wp-content\/uploads\/2026\/04\/totebag1-768x1097.webp\" class=\"elementor-animation-grow\" alt=\"street art tour madrid\" srcset=\"https:\/\/stefanozanvit.com\/wp-content\/uploads\/2026\/04\/totebag1-768x1097.webp 768w, https:\/\/stefanozanvit.com\/wp-content\/uploads\/2026\/04\/totebag1-210x300.webp 210w, https:\/\/stefanozanvit.com\/wp-content\/uploads\/2026\/04\/totebag1-717x1024.webp 717w, https:\/\/stefanozanvit.com\/wp-content\/uploads\/2026\/04\/totebag1-8x12.webp 8w, https:\/\/stefanozanvit.com\/wp-content\/uploads\/2026\/04\/totebag1.webp 900w\" sizes=\"(max-width: 768px) 100vw, 768px\" \/>\t\t\t\t<\/a>\n\t\t\t\t\t\t\t\n\t\t\t\t<a href=\"#\" data-mfp-src=\"https:\/\/stefanozanvit.com\/wp-content\/uploads\/2026\/04\/totebag2-799x1024.webp\" class=\"ha-image-grid__item ha-js-lightbox __fltr-1\">\n\t\t\t\t\t<img decoding=\"async\" width=\"768\" height=\"985\" src=\"https:\/\/stefanozanvit.com\/wp-content\/uploads\/2026\/04\/totebag2-768x985.webp\" class=\"elementor-animation-grow\" alt=\"streetart totebag\" srcset=\"https:\/\/stefanozanvit.com\/wp-content\/uploads\/2026\/04\/totebag2-768x985.webp 768w, https:\/\/stefanozanvit.com\/wp-content\/uploads\/2026\/04\/totebag2-234x300.webp 234w, https:\/\/stefanozanvit.com\/wp-content\/uploads\/2026\/04\/totebag2-799x1024.webp 799w, https:\/\/stefanozanvit.com\/wp-content\/uploads\/2026\/04\/totebag2-9x12.webp 9w, https:\/\/stefanozanvit.com\/wp-content\/uploads\/2026\/04\/totebag2.webp 900w\" sizes=\"(max-width: 768px) 100vw, 768px\" \/>\t\t\t\t<\/a>\n\t\t\t\t\t\t\t\n\t\t\t\t<a href=\"#\" data-mfp-src=\"https:\/\/stefanozanvit.com\/wp-content\/uploads\/2026\/05\/workshop_nks_totebag.webp\" class=\"ha-image-grid__item ha-js-lightbox __fltr-1\">\n\t\t\t\t\t<img loading=\"lazy\" decoding=\"async\" width=\"768\" height=\"803\" src=\"https:\/\/stefanozanvit.com\/wp-content\/uploads\/2026\/05\/workshop_nks_totebag-768x803.webp\" class=\"elementor-animation-grow\" alt=\"\" srcset=\"https:\/\/stefanozanvit.com\/wp-content\/uploads\/2026\/05\/workshop_nks_totebag-768x803.webp 768w, https:\/\/stefanozanvit.com\/wp-content\/uploads\/2026\/05\/workshop_nks_totebag-287x300.webp 287w, https:\/\/stefanozanvit.com\/wp-content\/uploads\/2026\/05\/workshop_nks_totebag-11x12.webp 11w, https:\/\/stefanozanvit.com\/wp-content\/uploads\/2026\/05\/workshop_nks_totebag.webp 900w\" sizes=\"(max-width: 768px) 100vw, 768px\" \/>\t\t\t\t<\/a>\n\t\t\t\t\t\t\t\n\t\t\t\t<a href=\"#\" data-mfp-src=\"https:\/\/stefanozanvit.com\/wp-content\/uploads\/2026\/04\/totebag3-750x1024.webp\" class=\"ha-image-grid__item ha-js-lightbox __fltr-1\">\n\t\t\t\t\t<img loading=\"lazy\" decoding=\"async\" width=\"768\" height=\"1049\" src=\"https:\/\/stefanozanvit.com\/wp-content\/uploads\/2026\/04\/totebag3-768x1049.webp\" class=\"elementor-animation-grow\" alt=\"street art tour madrid\" srcset=\"https:\/\/stefanozanvit.com\/wp-content\/uploads\/2026\/04\/totebag3-768x1049.webp 768w, https:\/\/stefanozanvit.com\/wp-content\/uploads\/2026\/04\/totebag3-220x300.webp 220w, https:\/\/stefanozanvit.com\/wp-content\/uploads\/2026\/04\/totebag3-750x1024.webp 750w, https:\/\/stefanozanvit.com\/wp-content\/uploads\/2026\/04\/totebag3-9x12.webp 9w, https:\/\/stefanozanvit.com\/wp-content\/uploads\/2026\/04\/totebag3.webp 900w\" sizes=\"(max-width: 768px) 100vw, 768px\" \/>\t\t\t\t<\/a>\n\t\t\t\t\t\t\t\n\t\t\t\t<a href=\"#\" data-mfp-src=\"https:\/\/stefanozanvit.com\/wp-content\/uploads\/2026\/04\/totebag4-761x1024.webp\" class=\"ha-image-grid__item ha-js-lightbox __fltr-1\">\n\t\t\t\t\t<img loading=\"lazy\" decoding=\"async\" width=\"768\" height=\"1033\" src=\"https:\/\/stefanozanvit.com\/wp-content\/uploads\/2026\/04\/totebag4-768x1033.webp\" class=\"elementor-animation-grow\" alt=\"streetart totebag\" srcset=\"https:\/\/stefanozanvit.com\/wp-content\/uploads\/2026\/04\/totebag4-768x1033.webp 768w, https:\/\/stefanozanvit.com\/wp-content\/uploads\/2026\/04\/totebag4-223x300.webp 223w, https:\/\/stefanozanvit.com\/wp-content\/uploads\/2026\/04\/totebag4-761x1024.webp 761w, https:\/\/stefanozanvit.com\/wp-content\/uploads\/2026\/04\/totebag4-9x12.webp 9w, https:\/\/stefanozanvit.com\/wp-content\/uploads\/2026\/04\/totebag4.webp 900w\" sizes=\"(max-width: 768px) 100vw, 768px\" \/>\t\t\t\t<\/a>\n\t\t\t\t\t\t\t\n\t\t\t\t<a href=\"#\" data-mfp-src=\"https:\/\/stefanozanvit.com\/wp-content\/uploads\/2026\/05\/workshop_nks_totebag2.webp\" class=\"ha-image-grid__item ha-js-lightbox __fltr-1\">\n\t\t\t\t\t<img loading=\"lazy\" decoding=\"async\" width=\"768\" height=\"803\" src=\"https:\/\/stefanozanvit.com\/wp-content\/uploads\/2026\/05\/workshop_nks_totebag2-768x803.webp\" class=\"elementor-animation-grow\" alt=\"\" srcset=\"https:\/\/stefanozanvit.com\/wp-content\/uploads\/2026\/05\/workshop_nks_totebag2-768x803.webp 768w, https:\/\/stefanozanvit.com\/wp-content\/uploads\/2026\/05\/workshop_nks_totebag2-287x300.webp 287w, https:\/\/stefanozanvit.com\/wp-content\/uploads\/2026\/05\/workshop_nks_totebag2-11x12.webp 11w, https:\/\/stefanozanvit.com\/wp-content\/uploads\/2026\/05\/workshop_nks_totebag2.webp 900w\" sizes=\"(max-width: 768px) 100vw, 768px\" \/>\t\t\t\t<\/a>\n\t\t\t\t\t<\/div>\n\n\t\t\t\t\t\t<\/div>\n\t\t\t\t<\/div>\n\t\t\t\t\t<\/div>\n\t\t\t\t<\/div>\n\t\t<div class=\"elementor-element elementor-element-acb29b0 e-flex e-con-boxed rael-particle-no e-con e-parent\" data-id=\"acb29b0\" data-element_type=\"container\" data-e-type=\"container\" data-settings=\"{&quot;rae_animations_entrance&quot;:&quot;none&quot;,&quot;_ha_eqh_enable&quot;:false}\">\n\t\t\t\t\t<div class=\"e-con-inner\">\n\t\t\t\t<div class=\"elementor-element elementor-element-facbdf2 elementor-widget elementor-widget-text-editor\" data-id=\"facbdf2\" data-element_type=\"widget\" data-e-type=\"widget\" data-widget_type=\"text-editor.default\">\n\t\t\t\t<div class=\"elementor-widget-container\">\n\t\t\t\t\t\t\t\t\t<p><strong>Elige d\u00eda y hora en el calendario para hacer tu pre\u2011reserva.<\/strong><\/p>\t\t\t\t\t\t\t\t<\/div>\n\t\t\t\t<\/div>\n\t\t\t\t\t<\/div>\n\t\t\t\t<\/div>\n\t\t<div class=\"elementor-element elementor-element-ff28726 e-flex e-con-boxed rael-particle-no e-con e-parent\" data-id=\"ff28726\" data-element_type=\"container\" data-e-type=\"container\" data-settings=\"{&quot;rae_animations_entrance&quot;:&quot;none&quot;,&quot;_ha_eqh_enable&quot;:false}\">\n\t\t\t\t\t<div class=\"e-con-inner\">\n\t\t\t\t<div class=\"elementor-element elementor-element-f6a8481 elementor-widget elementor-widget-html\" data-id=\"f6a8481\" data-element_type=\"widget\" data-e-type=\"widget\" data-widget_type=\"html.default\">\n\t\t\t\t<div class=\"elementor-widget-container\">\n\t\t\t\t\t\r\n\r\n\r\n<div>\r\n<!-- Cal inline embed code begins (EN) -->\r\n<div style=\"width:100%;height:100%;overflow:scroll\" id=\"my-cal-inline-street-art-tour-graffiti-workshop-lavapies-en\"><\/div>\r\n<script type=\"text\/javascript\">\r\n  (function (C, A, L) { let p = function (a, ar) { a.q.push(ar); }; let d = C.document; C.Cal = C.Cal || function () { let cal = C.Cal; let ar = arguments; if (!cal.loaded) { cal.ns = {}; cal.q = cal.q || []; d.head.appendChild(d.createElement(\"script\")).src = A; cal.loaded = true; } if (ar[0] === L) { const api = function () { p(api, arguments); }; const namespace = ar[1]; api.q = api.q || []; if(typeof namespace === \"string\"){cal.ns[namespace] = cal.ns[namespace] || api;p(cal.ns[namespace], ar);p(cal, [\"initNamespace\", namespace]);} else p(cal, ar); return;} p(cal, ar); }; })(window, \"https:\/\/app.cal.com\/embed\/embed.js\", \"init\");\r\nCal(\"init\", \"street-art-tour-graffiti-workshop-lavapies-en\", {origin:\"https:\/\/app.cal.com\"});\r\n\r\n  Cal.ns[\"street-art-tour-graffiti-workshop-lavapies-en\"](\"inline\", {\r\n    elementOrSelector:\"#my-cal-inline-street-art-tour-graffiti-workshop-lavapies-en\",\r\n    config: {\"layout\":\"month_view\",\"useSlotsViewOnSmallScreen\":\"true\"},\r\n    calLink: \"nks-tours\/street-art-tour-graffiti-workshop-lavapies-en\",\r\n  });\r\n\r\n  Cal.ns[\"street-art-tour-graffiti-workshop-lavapies-en\"](\"ui\", {\"hideEventTypeDetails\":false,\"layout\":\"month_view\"});\r\n<\/script>\r\n<!-- Cal inline embed code ends (EN) -->\r\n<\/div>\r\n\t\t\t\t<\/div>\n\t\t\t\t<\/div>\n\t\t\t\t\t<\/div>\n\t\t\t\t<\/div>\n\t\t<div class=\"elementor-element elementor-element-b1a44af e-flex e-con-boxed rael-particle-no e-con e-parent\" data-id=\"b1a44af\" data-element_type=\"container\" data-e-type=\"container\" data-settings=\"{&quot;rae_animations_entrance&quot;:&quot;none&quot;,&quot;_ha_eqh_enable&quot;:false}\">\n\t\t\t\t\t<div class=\"e-con-inner\">\n\t\t\t\t<div class=\"elementor-element elementor-element-550397e texto-intro elementor-widget elementor-widget-text-editor\" data-id=\"550397e\" data-element_type=\"widget\" data-e-type=\"widget\" data-widget_type=\"text-editor.default\">\n\t\t\t\t<div class=\"elementor-widget-container\">\n\t\t\t\t\t\t\t\t\t<p class=\"my-2 [&amp;+p]:mt-4 [&amp;_strong:has(+br)]:inline-block [&amp;_strong:has(+br)]:pb-2\"><strong><br \/><\/strong><\/p>\t\t\t\t\t\t\t\t<\/div>\n\t\t\t\t<\/div>\n\t\t\t\t\t<\/div>\n\t\t\t\t<\/div>\n\t\t<div class=\"elementor-element elementor-element-2400eae e-flex e-con-boxed rael-particle-no e-con e-parent\" data-id=\"2400eae\" data-element_type=\"container\" data-e-type=\"container\" data-settings=\"{&quot;rae_animations_entrance&quot;:&quot;none&quot;,&quot;_ha_eqh_enable&quot;:false}\">\n\t\t\t\t\t<div class=\"e-con-inner\">\n\t\t\t\t<div class=\"elementor-element elementor-element-8d63533 texto-intro elementor-widget elementor-widget-text-editor\" data-id=\"8d63533\" data-element_type=\"widget\" data-e-type=\"widget\" data-widget_type=\"text-editor.default\">\n\t\t\t\t<div class=\"elementor-widget-container\">\n\t\t\t\t\t\t\t\t\t<p class=\"my-2 [&amp;+p]:mt-4 [&amp;_strong:has(+br)]:inline-block [&amp;_strong:has(+br)]:pb-2\">Descubre el arte urbano de Lavapi\u00e9s, en el centro de Madrid, con un tour guiado por NKS, <br \/>muralista italiano que vive en Madrid desde 2003 y tiene obra en las calles del barrio.<br \/>Caminaremos por las calles m\u00e1s creativas de Lavapi\u00e9s para ver <a href=\"https:\/\/stefanozanvit.com\/murales\/\">murales<\/a>, <a href=\"https:\/\/stefanozanvit.com\/graffiti\/\">graffiti<\/a> y arte callejero. <br \/>Al final del recorrido haremos un <a href=\"https:\/\/stefanozanvit.com\/talleres\/\">taller<\/a> donde crear\u00e1s tu propia pieza con spray, stencil y rotuladores sobre tu totebag blanca.<\/p>\t\t\t\t\t\t\t\t<\/div>\n\t\t\t\t<\/div>\n\t\t\t\t\t<\/div>\n\t\t\t\t<\/div>\n\t\t<div class=\"elementor-element elementor-element-88a2be5 e-flex e-con-boxed rael-particle-no e-con e-parent\" data-id=\"88a2be5\" data-element_type=\"container\" data-e-type=\"container\" data-settings=\"{&quot;rae_animations_entrance&quot;:&quot;none&quot;,&quot;_ha_eqh_enable&quot;:false}\">\n\t\t\t\t\t<div class=\"e-con-inner\">\n\t\t\t\t<div class=\"elementor-element elementor-element-0cc0c2d  texto-intro elementor-widget elementor-widget-text-editor\" data-id=\"0cc0c2d\" data-element_type=\"widget\" data-e-type=\"widget\" data-widget_type=\"text-editor.default\">\n\t\t\t\t<div class=\"elementor-widget-container\">\n\t\t\t\t\t\t\t\t\t<p class=\"my-2 [&amp;+p]:mt-4 [&amp;_strong:has(+br)]:inline-block [&amp;_strong:has(+br)]:pb-2\"><strong>Qu\u00e9 incluye<\/strong><\/p><ul class=\"marker:text-quiet list-disc pl-8\"><li class=\"py-0 my-0 prose-p:pt-0 prose-p:mb-2 prose-p:my-0 [&amp;&gt;p]:pt-0 [&amp;&gt;p]:mb-2 [&amp;&gt;p]:my-0\"><p class=\"my-2 [&amp;+p]:mt-4 [&amp;_strong:has(+br)]:inline-block [&amp;_strong:has(+br)]:pb-2\">Ruta a pie por Lavapi\u00e9s con paradas seleccionadas<\/p><\/li><li class=\"py-0 my-0 prose-p:pt-0 prose-p:mb-2 prose-p:my-0 [&amp;&gt;p]:pt-0 [&amp;&gt;p]:mb-2 [&amp;&gt;p]:my-0\"><p class=\"my-2 [&amp;+p]:mt-4 [&amp;_strong:has(+br)]:inline-block [&amp;_strong:has(+br)]:pb-2\">Explicaciones sobre murales, graffiti y arte urbano local<\/p><\/li><li class=\"py-0 my-0 prose-p:pt-0 prose-p:mb-2 prose-p:my-0 [&amp;&gt;p]:pt-0 [&amp;&gt;p]:mb-2 [&amp;&gt;p]:my-0\"><p class=\"my-2 [&amp;+p]:mt-4 [&amp;_strong:has(+br)]:inline-block [&amp;_strong:has(+br)]:pb-2\">Taller creativo con spray, stencil y rotuladores<\/p><\/li><li class=\"py-0 my-0 prose-p:pt-0 prose-p:mb-2 prose-p:my-0 [&amp;&gt;p]:pt-0 [&amp;&gt;p]:mb-2 [&amp;&gt;p]:my-0\"><p class=\"my-2 [&amp;+p]:mt-4 [&amp;_strong:has(+br)]:inline-block [&amp;_strong:has(+br)]:pb-2\">Todo el material incluido<\/p><\/li><li class=\"py-0 my-0 prose-p:pt-0 prose-p:mb-2 prose-p:my-0 [&amp;&gt;p]:pt-0 [&amp;&gt;p]:mb-2 [&amp;&gt;p]:my-0\"><p class=\"my-2 [&amp;+p]:mt-4 [&amp;_strong:has(+br)]:inline-block [&amp;_strong:has(+br)]:pb-2\">Grupos de <strong>m\u00e1ximo 10 personas<\/strong> para una atenci\u00f3n cercana y personalizada<\/p><\/li><\/ul>\t\t\t\t\t\t\t\t<\/div>\n\t\t\t\t<\/div>\n\t\t\t\t\t<\/div>\n\t\t\t\t<\/div>\n\t\t<div class=\"elementor-element elementor-element-138b7ca e-flex e-con-boxed rael-particle-no e-con e-parent\" data-id=\"138b7ca\" data-element_type=\"container\" data-e-type=\"container\" data-settings=\"{&quot;rae_animations_entrance&quot;:&quot;none&quot;,&quot;_ha_eqh_enable&quot;:false}\">\n\t\t\t\t\t<div class=\"e-con-inner\">\n\t\t\t\t<div class=\"elementor-element elementor-element-effbd53  texto-bajada elementor-widget elementor-widget-text-editor\" data-id=\"effbd53\" data-element_type=\"widget\" data-e-type=\"widget\" data-widget_type=\"text-editor.default\">\n\t\t\t\t<div class=\"elementor-widget-container\">\n\t\t\t\t\t\t\t\t\t<p class=\"my-2 [&amp;+p]:mt-4 [&amp;_strong:has(+br)]:inline-block [&amp;_strong:has(+br)]:pb-2\"><strong>Qu\u00e9 traer<\/strong><\/p><p class=\"my-2 [&amp;+p]:mt-4 [&amp;_strong:has(+br)]:inline-block [&amp;_strong:has(+br)]:pb-2\">Tu propia totebag blanca para personalizar durante el taller.<br \/>Si no tienes, av\u00edsame al reservar y preparo una totebag (+8 \u20ac).<\/p>\t\t\t\t\t\t\t\t<\/div>\n\t\t\t\t<\/div>\n\t\t\t\t\t<\/div>\n\t\t\t\t<\/div>\n\t\t<div class=\"elementor-element elementor-element-1656394 e-flex e-con-boxed rael-particle-no e-con e-parent\" data-id=\"1656394\" data-element_type=\"container\" data-e-type=\"container\" data-settings=\"{&quot;rae_animations_entrance&quot;:&quot;none&quot;,&quot;_ha_eqh_enable&quot;:false}\">\n\t\t\t\t\t<div class=\"e-con-inner\">\n\t\t\t\t<div class=\"elementor-element elementor-element-67143ab  texto-intro elementor-widget elementor-widget-text-editor\" data-id=\"67143ab\" data-element_type=\"widget\" data-e-type=\"widget\" data-widget_type=\"text-editor.default\">\n\t\t\t\t<div class=\"elementor-widget-container\">\n\t\t\t\t\t\t\t\t\t<p><strong>Precios<\/strong><\/p><ul><li><p>Tour p\u00fablico: 50 \u20ac\/adulto \u00b7 25 \u20ac\/adolescente (6\u201312 a\u00f1os). M\u00ednimo 3 personas, m\u00e1ximo 10 personas.<\/p><\/li><li><p>Tour privado: 70 \u20ac\/adulto \u00b7 35 \u20ac\/adolescente (6\u201312 a\u00f1os). M\u00ednimo 2 personas. m\u00e1ximo 10 personas.\u00a0<\/p><\/li><li><p>Menores de 6 a\u00f1os: gratis<\/p><\/li><\/ul>\t\t\t\t\t\t\t\t<\/div>\n\t\t\t\t<\/div>\n\t\t\t\t\t<\/div>\n\t\t\t\t<\/div>\n\t\t<div class=\"elementor-element elementor-element-a08eadf e-flex e-con-boxed rael-particle-no e-con e-parent\" data-id=\"a08eadf\" data-element_type=\"container\" data-e-type=\"container\" data-settings=\"{&quot;rae_animations_entrance&quot;:&quot;none&quot;,&quot;_ha_eqh_enable&quot;:false}\">\n\t\t\t\t\t<div class=\"e-con-inner\">\n\t\t\t\t<div class=\"elementor-element elementor-element-fb294e9  texto-intro elementor-widget elementor-widget-text-editor\" data-id=\"fb294e9\" data-element_type=\"widget\" data-e-type=\"widget\" data-widget_type=\"text-editor.default\">\n\t\t\t\t<div class=\"elementor-widget-container\">\n\t\t\t\t\t\t\t\t\t<p><strong>Informaci\u00f3n pr\u00e1ctica<\/strong><\/p><ul><li><p>Duraci\u00f3n: 2 horas<\/p><\/li><li><p>Horario: martes a domingo, 11:00 &#8211; 18:00<\/p><\/li><li><p><strong>Idiomas: italiano,\u00a0<span style=\"background-color: transparent;\">espa\u00f1ol,\u00a0<\/span><span style=\"background-color: transparent;\">ingl\u00e9s<\/span><\/strong><\/p><\/li><li><p>Punto de encuentro: frente a la estatua de Tirso de Molina, (Plaza de Tirso de Molina, 5)<\/p><\/li><\/ul>\t\t\t\t\t\t\t\t<\/div>\n\t\t\t\t<\/div>\n\t\t\t\t\t<\/div>\n\t\t\t\t<\/div>\n\t\t<div class=\"elementor-element elementor-element-a03515c e-flex e-con-boxed rael-particle-no e-con e-parent\" data-id=\"a03515c\" data-element_type=\"container\" data-e-type=\"container\" data-settings=\"{&quot;rae_animations_entrance&quot;:&quot;none&quot;,&quot;_ha_eqh_enable&quot;:false}\">\n\t\t\t\t\t<div class=\"e-con-inner\">\n\t\t\t\t<div class=\"elementor-element elementor-element-c7e584a  texto-intro elementor-widget elementor-widget-text-editor\" data-id=\"c7e584a\" data-element_type=\"widget\" data-e-type=\"widget\" data-widget_type=\"text-editor.default\">\n\t\t\t\t<div class=\"elementor-widget-container\">\n\t\t\t\t\t\t\t\t\t<p class=\"my-2 [&amp;+p]:mt-4 [&amp;_strong:has(+br)]:inline-block [&amp;_strong:has(+br)]:pb-2\"><strong>C\u00f3mo reservar tu plaza<\/strong><\/p><ul class=\"marker:text-quiet list-disc pl-8\"><li class=\"py-0 my-0 prose-p:pt-0 prose-p:mb-2 prose-p:my-0 [&amp;&gt;p]:pt-0 [&amp;&gt;p]:mb-2 [&amp;&gt;p]:my-0\"><p class=\"my-2 [&amp;+p]:mt-4 [&amp;_strong:has(+br)]:inline-block [&amp;_strong:has(+br)]:pb-2\"><strong>Paso 1:<\/strong>\u00a0Elige d\u00eda y hora en el calendario.<\/p><\/li><li class=\"py-0 my-0 prose-p:pt-0 prose-p:mb-2 prose-p:my-0 [&amp;&gt;p]:pt-0 [&amp;&gt;p]:mb-2 [&amp;&gt;p]:my-0\"><p class=\"my-2 [&amp;+p]:mt-4 [&amp;_strong:has(+br)]:inline-block [&amp;_strong:has(+br)]:pb-2\"><strong>Paso 2:<\/strong>\u00a0Recibir\u00e1s un email con los datos de pago.<\/p><\/li><li class=\"py-0 my-0 prose-p:pt-0 prose-p:mb-2 prose-p:my-0 [&amp;&gt;p]:pt-0 [&amp;&gt;p]:mb-2 [&amp;&gt;p]:my-0\"><p class=\"my-2 [&amp;+p]:mt-4 [&amp;_strong:has(+br)]:inline-block [&amp;_strong:has(+br)]:pb-2\"><strong>Paso 3:<\/strong>\u00a0Confirma tu plaza pagando por Bizum, transferencia bancaria o PayPal.<\/p><\/li><\/ul>\t\t\t\t\t\t\t\t<\/div>\n\t\t\t\t<\/div>\n\t\t\t\t\t<\/div>\n\t\t\t\t<\/div>\n\t\t<div class=\"elementor-element elementor-element-bcd3884 e-flex e-con-boxed rael-particle-no e-con e-parent\" data-id=\"bcd3884\" data-element_type=\"container\" data-e-type=\"container\" data-settings=\"{&quot;rae_animations_entrance&quot;:&quot;none&quot;,&quot;_ha_eqh_enable&quot;:false}\">\n\t\t\t\t\t<div class=\"e-con-inner\">\n\t\t\t\t<div class=\"elementor-element elementor-element-dd07c8f  texto-intro elementor-widget elementor-widget-text-editor\" data-id=\"dd07c8f\" data-element_type=\"widget\" data-e-type=\"widget\" data-widget_type=\"text-editor.default\">\n\t\t\t\t<div class=\"elementor-widget-container\">\n\t\t\t\t\t\t\t\t\t<p class=\"my-2 [&amp;+p]:mt-4 [&amp;_strong:has(+br)]:inline-block [&amp;_strong:has(+br)]:pb-2\"><strong>\u00bfQuieres una experiencia a medida?<\/strong><\/p><p class=\"my-2 [&amp;+p]:mt-4 [&amp;_strong:has(+br)]:inline-block [&amp;_strong:has(+br)]:pb-2\">Para rutas personalizadas, eventos corporativos o celebraciones especiales, escr\u00edbeme por WhatsApp y lo organizamos juntos.<\/p>\t\t\t\t\t\t\t\t<\/div>\n\t\t\t\t<\/div>\n\t\t\t\t\t<\/div>\n\t\t\t\t<\/div>\n\t\t<div class=\"elementor-element elementor-element-5c479ea e-flex e-con-boxed rael-particle-no e-con e-parent\" data-id=\"5c479ea\" data-element_type=\"container\" data-e-type=\"container\" data-settings=\"{&quot;rae_animations_entrance&quot;:&quot;none&quot;,&quot;_ha_eqh_enable&quot;:false}\">\n\t\t\t\t\t<div class=\"e-con-inner\">\n\t\t\t\t<div class=\"elementor-element elementor-element-2f7efa2 elementor-widget elementor-widget-button\" data-id=\"2f7efa2\" data-element_type=\"widget\" data-e-type=\"widget\" data-widget_type=\"button.default\">\n\t\t\t\t<div class=\"elementor-widget-container\">\n\t\t\t\t\t\t\t\t\t<div class=\"elementor-button-wrapper\">\n\t\t\t\t\t<a class=\"elementor-button elementor-button-link elementor-size-sm elementor-animation-grow\" href=\"https:\/\/wa.me\/34655447351?text=Hola%20quiero%20pedir%20un%20presupuesto\" target=\"_blank\" rel=\"noopener\">\n\t\t\t\t\t\t<span class=\"elementor-button-content-wrapper\">\n\t\t\t\t\t\t\t\t\t<span class=\"elementor-button-text\">whatsapp<\/span>\n\t\t\t\t\t<\/span>\n\t\t\t\t\t<\/a>\n\t\t\t\t<\/div>\n\t\t\t\t\t\t\t\t<\/div>\n\t\t\t\t<\/div>\n\t\t\t\t<div class=\"elementor-element elementor-element-071dd19  texto-intro elementor-widget elementor-widget-text-editor\" data-id=\"071dd19\" data-element_type=\"widget\" data-e-type=\"widget\" data-widget_type=\"text-editor.default\">\n\t\t\t\t<div class=\"elementor-widget-container\">\n\t\t\t\t\t\t\t\t\t<p class=\"my-2 [&amp;+p]:mt-4 [&amp;_strong:has(+br)]:inline-block [&amp;_strong:has(+br)]:pb-2\"><strong>Para reservas normales, elige d\u00eda y hora directamente en el calendario de esta p\u00e1gina.<\/strong><\/p>\t\t\t\t\t\t\t\t<\/div>\n\t\t\t\t<\/div>\n\t\t\t\t<div class=\"elementor-element elementor-element-71fb109 elementor-widget elementor-widget-spacer\" data-id=\"71fb109\" data-element_type=\"widget\" data-e-type=\"widget\" data-widget_type=\"spacer.default\">\n\t\t\t\t<div class=\"elementor-widget-container\">\n\t\t\t\t\t\t\t<div class=\"elementor-spacer\">\n\t\t\t<div class=\"elementor-spacer-inner\"><\/div>\n\t\t<\/div>\n\t\t\t\t\t\t<\/div>\n\t\t\t\t<\/div>\n\t\t\t\t\t<\/div>\n\t\t\t\t<\/div>\n\t\t\t\t<\/div>\n\t\t","protected":false},"excerpt":{"rendered":"<p>Street art tour y graffiti en Lavapi\u00e9s con el muralista NKS Street art tour Madrid: graffiti y taller creativo en grupo reducido (m\u00e1x. 10 personas) Elige d\u00eda y hora en el calendario para hacer tu pre\u2011reserva. Descubre el arte urbano de Lavapi\u00e9s, en el centro de Madrid, con un tour guiado por NKS, muralista italiano [&hellip;]<\/p>\n","protected":false},"author":1,"featured_media":0,"parent":0,"menu_order":4,"comment_status":"closed","ping_status":"closed","template":"","meta":{"footnotes":""},"class_list":["post-5232","page","type-page","status-publish","hentry"],"_links":{"self":[{"href":"https:\/\/stefanozanvit.com\/en\/wp-json\/wp\/v2\/pages\/5232","targetHints":{"allow":["GET"]}}],"collection":[{"href":"https:\/\/stefanozanvit.com\/en\/wp-json\/wp\/v2\/pages"}],"about":[{"href":"https:\/\/stefanozanvit.com\/en\/wp-json\/wp\/v2\/types\/page"}],"author":[{"embeddable":true,"href":"https:\/\/stefanozanvit.com\/en\/wp-json\/wp\/v2\/users\/1"}],"replies":[{"embeddable":true,"href":"https:\/\/stefanozanvit.com\/en\/wp-json\/wp\/v2\/comments?post=5232"}],"version-history":[{"count":206,"href":"https:\/\/stefanozanvit.com\/en\/wp-json\/wp\/v2\/pages\/5232\/revisions"}],"predecessor-version":[{"id":6218,"href":"https:\/\/stefanozanvit.com\/en\/wp-json\/wp\/v2\/pages\/5232\/revisions\/6218"}],"wp:attachment":[{"href":"https:\/\/stefanozanvit.com\/en\/wp-json\/wp\/v2\/media?parent=5232"}],"curies":[{"name":"wp","href":"https:\/\/api.w.org\/{rel}","templated":true}]}}