{"id":5835,"date":"2026-04-11T23:49:49","date_gmt":"2026-04-11T23:49:49","guid":{"rendered":"https:\/\/stefanozanvit.com\/?page_id=5835"},"modified":"2026-04-12T18:44:41","modified_gmt":"2026-04-12T18:44:41","slug":"politica-de-privacidad","status":"publish","type":"page","link":"https:\/\/stefanozanvit.com\/en\/politica-de-privacidad\/","title":{"rendered":"Privacy Policy"},"content":{"rendered":"<div data-elementor-type=\"wp-page\" data-elementor-id=\"5835\" class=\"elementor elementor-5835\">\n\t\t\t\t<div class=\"elementor-element elementor-element-3ca9518e e-flex e-con-boxed rael-particle-no e-con e-parent\" data-id=\"3ca9518e\" data-element_type=\"container\" data-e-type=\"container\" data-settings=\"{&quot;rae_animations_entrance&quot;:&quot;none&quot;,&quot;_ha_eqh_enable&quot;:false}\">\n\t\t\t\t\t<div class=\"e-con-inner\">\n\t\t\t\t<div class=\"elementor-element elementor-element-252ccf elementor-widget elementor-widget-text-editor\" data-id=\"252ccf\" data-element_type=\"widget\" data-e-type=\"widget\" data-widget_type=\"text-editor.default\">\n\t\t\t\t<div class=\"elementor-widget-container\">\n\t\t\t\t\t\t\t\t\t\n<p><strong>Data controller<\/strong><br>Stefano Zanvit | NKS<br>email: stefano.zanvit@gmail.com<br>Web: https:\/\/stefanozanvit.com<\/p>\n\n\n\n<p><strong>Information we collect<\/strong><br>Through the contact form on this website, we collect the data you voluntarily provide to us: your name and email address. If you contact us via WhatsApp, the data associated with your phone number is processed in accordance with WhatsApp\/Meta\u2019s privacy policy.<\/p>\n\n\n\n<p><strong>Purpose<\/strong><br>To handle your enquiries and manage quotes and bookings related to NKS services: murals, graffiti, street art tours, and creative workshops.<\/p>\n\n\n\n<p><strong>Legal basis<\/strong><br>The data subject\u2019s consent when they voluntarily contact us via the website contact form or WhatsApp.<\/p>\n\n\n\n<p><strong>Data retention<\/strong><br>The data will be retained for as long as necessary to handle your request and for the periods required by law.<\/p>\n\n\n\n<p><strong>Recipients<\/strong><br>We do not share your data with third parties, except where required by law.<\/p>\n\n\n\n<p><strong>Your rights<\/strong><br>You can exercise your rights of access, rectification, erasure, objection, restriction of processing and data portability by writing to stefano.zanvit@gmail.com.<\/p>\n\t\t\t\t\t\t\t\t<\/div>\n\t\t\t\t<\/div>\n\t\t\t\t\t<\/div>\n\t\t\t\t<\/div>\n\t\t\t\t<\/div>","protected":false},"excerpt":{"rendered":"<p>Responsable del tratamientoStefano Zanvit | NKSCorreo electr\u00f3nico: stefano.zanvit@gmail.comWeb: https:\/\/stefanozanvit.com Datos que recogemosA trav\u00e9s del formulario de contacto de esta web recogemos los datos que t\u00fa nos facilitas voluntariamente: nombre y direcci\u00f3n de correo electr\u00f3nico. Si contactas por WhatsApp, se tratan los datos asociados a tu n\u00famero de tel\u00e9fono conforme a la pol\u00edtica de privacidad de [&hellip;]<\/p>\n","protected":false},"author":1,"featured_media":0,"parent":0,"menu_order":0,"comment_status":"closed","ping_status":"closed","template":"","meta":{"footnotes":""},"class_list":["post-5835","page","type-page","status-publish","hentry"],"_links":{"self":[{"href":"https:\/\/stefanozanvit.com\/en\/wp-json\/wp\/v2\/pages\/5835","targetHints":{"allow":["GET"]}}],"collection":[{"href":"https:\/\/stefanozanvit.com\/en\/wp-json\/wp\/v2\/pages"}],"about":[{"href":"https:\/\/stefanozanvit.com\/en\/wp-json\/wp\/v2\/types\/page"}],"author":[{"embeddable":true,"href":"https:\/\/stefanozanvit.com\/en\/wp-json\/wp\/v2\/users\/1"}],"replies":[{"embeddable":true,"href":"https:\/\/stefanozanvit.com\/en\/wp-json\/wp\/v2\/comments?post=5835"}],"version-history":[{"count":5,"href":"https:\/\/stefanozanvit.com\/en\/wp-json\/wp\/v2\/pages\/5835\/revisions"}],"predecessor-version":[{"id":5850,"href":"https:\/\/stefanozanvit.com\/en\/wp-json\/wp\/v2\/pages\/5835\/revisions\/5850"}],"wp:attachment":[{"href":"https:\/\/stefanozanvit.com\/en\/wp-json\/wp\/v2\/media?parent=5835"}],"curies":[{"name":"wp","href":"https:\/\/api.w.org\/{rel}","templated":true}]}}