{"id":5839,"date":"2026-04-11T23:51:07","date_gmt":"2026-04-11T23:51:07","guid":{"rendered":"https:\/\/stefanozanvit.com\/?page_id=5839"},"modified":"2026-04-12T18:45:24","modified_gmt":"2026-04-12T18:45:24","slug":"aviso-legal","status":"publish","type":"page","link":"https:\/\/stefanozanvit.com\/en\/aviso-legal\/","title":{"rendered":"Legal notice"},"content":{"rendered":"<div data-elementor-type=\"wp-page\" data-elementor-id=\"5839\" class=\"elementor elementor-5839\">\n\t\t\t\t<div class=\"elementor-element elementor-element-249c6a4e e-flex e-con-boxed rael-particle-no e-con e-parent\" data-id=\"249c6a4e\" data-element_type=\"container\" data-e-type=\"container\" data-settings=\"{&quot;rae_animations_entrance&quot;:&quot;none&quot;,&quot;_ha_eqh_enable&quot;:false}\">\n\t\t\t\t\t<div class=\"e-con-inner\">\n\t\t\t\t<div class=\"elementor-element elementor-element-55a226ee elementor-widget elementor-widget-text-editor\" data-id=\"55a226ee\" data-element_type=\"widget\" data-e-type=\"widget\" data-widget_type=\"text-editor.default\">\n\t\t\t\t<div class=\"elementor-widget-container\">\n\t\t\t\t\t\t\t\t\t\n<p><strong>Website owner<\/strong><br>Stefano Zanvit | NKS<br>Activity: Murals, graffiti, street art tours and creative workshops in Madrid.<br>email: stefano.zanvit@gmail.com<br>Web: https:\/\/stefanozanvit.com<\/p>\n\n\n\n<p><strong>Purpose<\/strong><br>The purpose of this website is to provide informative and commercial content about the artistic and cultural services offered by Stefano Zanvit under the NKS brand: creation of murals and graffiti, street art tours in Madrid, and creative workshops for individuals, companies and groups<\/p>\n\n\n\n<p><strong>Intellectual property<\/strong><br>The contents of this website (texts, images, photographs, artistic works and design) are the property of Stefano Zanvit, unless otherwise indicated. Their reproduction is prohibited without express authorization.<\/p>\n\n\n\n<p><strong>Disclaimer of liability<\/strong><br>The owner shall not be held liable for any damages arising from the improper use of this website or from the contents of third\u2011party pages linked from it.<\/p>\n\n\n\n<p><strong>Applicable law<\/strong><br>These terms and conditions shall be governed by Spanish law. For any dispute, the parties submit to the courts and tribunals of Madrid.<\/p>\n\t\t\t\t\t\t\t\t<\/div>\n\t\t\t\t<\/div>\n\t\t\t\t\t<\/div>\n\t\t\t\t<\/div>\n\t\t\t\t<\/div>","protected":false},"excerpt":{"rendered":"<p>Titular del sitio webStefano Zanvit | NKSActividad: Murales, graffiti, tours de arte urbano y talleres creativos en MadridCorreo electr\u00f3nico: stefano.zanvit@gmail.comWeb: https:\/\/stefanozanvit.com ObjetoEste sitio web tiene car\u00e1cter informativo y comercial sobre los servicios art\u00edsticos y culturales ofrecidos por Stefano Zanvit bajo la marca NKS: creaci\u00f3n de murales y graffiti, tours de street art por Madrid y [&hellip;]<\/p>\n","protected":false},"author":1,"featured_media":0,"parent":0,"menu_order":9,"comment_status":"closed","ping_status":"closed","template":"","meta":{"footnotes":""},"class_list":["post-5839","page","type-page","status-publish","hentry"],"_links":{"self":[{"href":"https:\/\/stefanozanvit.com\/en\/wp-json\/wp\/v2\/pages\/5839","targetHints":{"allow":["GET"]}}],"collection":[{"href":"https:\/\/stefanozanvit.com\/en\/wp-json\/wp\/v2\/pages"}],"about":[{"href":"https:\/\/stefanozanvit.com\/en\/wp-json\/wp\/v2\/types\/page"}],"author":[{"embeddable":true,"href":"https:\/\/stefanozanvit.com\/en\/wp-json\/wp\/v2\/users\/1"}],"replies":[{"embeddable":true,"href":"https:\/\/stefanozanvit.com\/en\/wp-json\/wp\/v2\/comments?post=5839"}],"version-history":[{"count":6,"href":"https:\/\/stefanozanvit.com\/en\/wp-json\/wp\/v2\/pages\/5839\/revisions"}],"predecessor-version":[{"id":5853,"href":"https:\/\/stefanozanvit.com\/en\/wp-json\/wp\/v2\/pages\/5839\/revisions\/5853"}],"wp:attachment":[{"href":"https:\/\/stefanozanvit.com\/en\/wp-json\/wp\/v2\/media?parent=5839"}],"curies":[{"name":"wp","href":"https:\/\/api.w.org\/{rel}","templated":true}]}}